{"id":967,"date":"2020-03-05T13:46:04","date_gmt":"2020-03-05T13:46:04","guid":{"rendered":"https:\/\/mycraftbenstg.wpenginepowered.com\/eligibility\/"},"modified":"2024-12-02T13:09:25","modified_gmt":"2024-12-02T18:09:25","slug":"eligibility","status":"publish","type":"page","link":"https:\/\/mycraftbenefits.com\/es\/eligibility\/","title":{"rendered":"Elegibilidad\/Nuevo miembro del equipo"},"content":{"rendered":"\n<div class=\"wp-block-media-text alignwide\"><figure class=\"wp-block-media-text__media\"><img loading=\"lazy\" decoding=\"async\" width=\"570\" height=\"300\" src=\"https:\/\/mycraftbenefits.com\/wp-content\/uploads\/2020\/04\/1-NewHire-HR.png\" alt=\"Una joven reci\u00e9n contratada se sienta en una oficina y sonr\u00ede a un gerente de RR.\u00a0HH. fuera de la pantalla explic\u00e1ndole sus nuevos beneficios\" class=\"wp-image-633\" srcset=\"https:\/\/mycraftbenefits.com\/wp-content\/uploads\/2020\/04\/1-NewHire-HR.png 570w, https:\/\/mycraftbenefits.com\/wp-content\/uploads\/2020\/04\/1-NewHire-HR-300x158.png 300w\" sizes=\"auto, (max-width: 570px) 100vw, 570px\" \/><\/figure><div class=\"wp-block-media-text__content\">\n\n<h2 class=\"has-primary-color has-text-color wp-block-heading\">Nueva contrataci\u00f3n<\/h2>\n\n\n<p>\u00a1Bienvenido a Mortenson! Sus beneficios var\u00edan si se trata de una primera contrataci\u00f3n. Para obtener m\u00e1s informaci\u00f3n, visite la secci\u00f3n <a href=\"https:\/\/mycraftbenefits.com\/es\/life-events\/\">de nuevas contrataciones<\/a> de este sitio web.<\/p>\n\n<\/div><\/div>\n\n\n\n<div class=\"wp-block-media-text alignwide\"><figure class=\"wp-block-media-text__media\"><img loading=\"lazy\" decoding=\"async\" width=\"570\" height=\"300\" src=\"https:\/\/mycraftbenefits.com\/wp-content\/uploads\/2020\/09\/Eligiblity_Eligible-Dependents.jpg\" alt=\"\" class=\"wp-image-1754\" srcset=\"https:\/\/mycraftbenefits.com\/wp-content\/uploads\/2020\/09\/Eligiblity_Eligible-Dependents.jpg 570w, https:\/\/mycraftbenefits.com\/wp-content\/uploads\/2020\/09\/Eligiblity_Eligible-Dependents-300x158.jpg 300w\" sizes=\"auto, (max-width: 570px) 100vw, 570px\" \/><\/figure><div class=\"wp-block-media-text__content\">\n\n<h2 class=\"has-primary-color has-text-color wp-block-heading\" id=\"dependents\">Dependientes que cumplen los requisitos<\/h2>\n\n\n<p>Si usted se inscribe en un plan <a href=\"https:\/\/mycraftbenefits.com\/es\/your-health\/#medical\">m\u00e9dico<\/a>\u00a0u <a href=\"https:\/\/mycraftbenefits.com\/es\/your-health\/#dental\">odontol\u00f3gico<\/a>\u00a0para los siguientes dependientes que cumplan los requisitos, tambi\u00e9n puede inscribirse en la cobertura. Una manera de administrar los costos de\u00a0cuidado de salud administrado es asegurarse de que solo se inscriban en nuestro plan dependientes que cumplan los requisitos. Es importante verificar que todos sus dependientes inscritos cumplan con los requisitos.<\/p>\n\n<\/div><\/div>\n\n\n\n<div class=\"wp-block-create-block-accordion alignwide accordion\" id=\"accordion-73e98b09-9d81-40ec-9b89-13615881f0ba\">\n<h2 class=\"wp-block-heading\">A qui\u00e9n cubrir: dependientes<\/h2>\n\n\n\n<div class=\"wp-block-create-block-accordion-item alignwide card\">\n<div class=\"wp-block-create-block-accordion-heading card-header\" id=\"heading-accf49fd-dd1e-4eb7-a02c-063517f65461\"><button class=\"btn btn-link stretched-link\" type=\"button\" data-toggle=\"collapse\" data-target=\"#collapse-accf49fd-dd1e-4eb7-a02c-063517f65461\" aria-expanded=\"false\" aria-controls=\"collapse-accf49fd-dd1e-4eb7-a02c-063517f65461\">\n<h3 class=\"wp-block-heading\">C\u00f3nyuge<\/h3>\n<\/button><\/div>\n\n\n\n<div id=\"collapse-accf49fd-dd1e-4eb7-a02c-063517f65461\" class=\"wp-block-create-block-accordion-collapse collapse\" aria-labelledby=\"heading-accf49fd-dd1e-4eb7-a02c-063517f65461\" data-parent=\"#accordion-73e98b09-9d81-40ec-9b89-13615881f0ba\"><div class=\"card-body\">\n<p>Su c\u00f3nyuge es la persona con la que est\u00e1 legalmente casado. Las personas con parejas de uni\u00f3n libre registradas, las de uniones civiles y matrimonios de derecho consuetudinario no se consideran c\u00f3nyuges en virtud del plan.&nbsp;<\/p>\n\n\n\n<p>Su c\u00f3nyuge ya no es un dependiente que cumple los requisitos para recibir cobertura en los planes Mortenson si usted se ha divorciado o se ha separado legalmente.<\/p>\n<\/div><\/div>\n<\/div>\n\n\n\n<div class=\"wp-block-create-block-accordion-item alignwide card\">\n<div class=\"wp-block-create-block-accordion-heading card-header\" id=\"heading-a3203e6d-dcb0-4ee8-85b8-81915dbef36e\"><button class=\"btn btn-link stretched-link\" type=\"button\" data-toggle=\"collapse\" data-target=\"#collapse-a3203e6d-dcb0-4ee8-85b8-81915dbef36e\" aria-expanded=\"false\" aria-controls=\"collapse-a3203e6d-dcb0-4ee8-85b8-81915dbef36e\">\n<h3 class=\"wp-block-heading\">Hijo(s)<\/h3>\n<\/button><\/div>\n\n\n\n<div id=\"collapse-a3203e6d-dcb0-4ee8-85b8-81915dbef36e\" class=\"wp-block-create-block-accordion-collapse collapse\" aria-labelledby=\"heading-a3203e6d-dcb0-4ee8-85b8-81915dbef36e\" data-parent=\"#accordion-73e98b09-9d81-40ec-9b89-13615881f0ba\"><div class=\"card-body\">\n<p>Definido como:<\/p>\n\n\n\n<ul class=\"wp-block-list\">\n<li>Cualquier hijo, hija, hijastro, hijo de acogida que cumpla los requisitos o hijo adoptado del miembro del equipo que tenga menos de 26 a\u00f1os.<\/li>\n\n\n\n<li>El t\u00e9rmino ni\u00f1o se refiere a un ni\u00f1o nacido de usted o a un ni\u00f1o legalmente adoptado por usted.<\/li>\n\n\n\n<li>Tambi\u00e9n incluye a un hijastro que vive con usted o a un ni\u00f1o del que usted es el tutor legal.<\/li>\n\n\n\n<li>El\/los ni\u00f1o(s) de 26 a\u00f1os o m\u00e1s con una discapacidad mental o f\u00edsica verificada cumplen los requisitos para recibir cobertura si no est\u00e1n casados y cuentan principalmente con el apoyo de un miembro del equipo.<\/li>\n<\/ul>\n\n\n\n<p>La cobertura de dependientes ordenada por el tribunal cambiar\u00e1 autom\u00e1ticamente cuando Mortenson reciba la documentaci\u00f3n de la orden judicial. Se notificar\u00e1 a los miembros del equipo cuando Mortenson reciba la orden judicial.<\/p>\n\n\n\n<p>Cualquier dependiente que no cumpla con los requisitos para dependientes de un plan o que sea descalificado de otro modo del cumplimiento de requisitos no se considera un dependiente que cumpla con los requisitos.<\/p>\n<\/div><\/div>\n<\/div>\n\n\n\n<div class=\"wp-block-create-block-accordion-item alignwide card\">\n<div class=\"wp-block-create-block-accordion-heading card-header\" id=\"heading-5d4eea45-5130-4770-87e5-13f833730ccb\"><button class=\"btn btn-link stretched-link\" type=\"button\" data-toggle=\"collapse\" data-target=\"#collapse-5d4eea45-5130-4770-87e5-13f833730ccb\" aria-expanded=\"false\" aria-controls=\"collapse-5d4eea45-5130-4770-87e5-13f833730ccb\">\n<h3 class=\"wp-block-heading\">Pareja de uni\u00f3n libre<\/h3>\n<\/button><\/div>\n\n\n\n<div id=\"collapse-5d4eea45-5130-4770-87e5-13f833730ccb\" class=\"wp-block-create-block-accordion-collapse collapse\" aria-labelledby=\"heading-5d4eea45-5130-4770-87e5-13f833730ccb\" data-parent=\"#accordion-73e98b09-9d81-40ec-9b89-13615881f0ba\"><div class=\"card-body\">\n<p>Una pareja de uni\u00f3n libre se define como:<\/p>\n\n\n\n<ul class=\"wp-block-list\">\n<li>Comparte su residencia permanente durante 1 a\u00f1o o m\u00e1s.<\/li>\n\n\n\n<li>Tiene m\u00e1s de 18 a\u00f1os.<\/li>\n\n\n\n<li>Es financieramente interdependiente con usted.<\/li>\n\n\n\n<li>No es un familiar consangu\u00edneo m\u00e1s cercano de lo que prohibir\u00eda el matrimonio legal.<\/li>\n<\/ul>\n\n\n\n<p>Las parejas de uni\u00f3n libre deben estar certificadas a trav\u00e9s de Recursos Humanos. Para obtener m\u00e1s informaci\u00f3n, consulte la&nbsp;Declaraci\u00f3n de la pareja de uni\u00f3n libre&nbsp;<a href=\"https:\/\/mycraftbenefits.com\/wp-content\/uploads\/2022\/10\/2023-Craft-Statement-of-Domestic-Partner.pdf\">2023 <\/a>o la&nbsp;Declaraci\u00f3n de la pareja de uni\u00f3n libre&nbsp;<a href=\"https:\/\/mycraftbenefits.com\/wp-content\/uploads\/2023\/03\/2023-Craft-Statement-of-Domestic-Partner-Spanish.pdf\">2023 (espa\u00f1ol)<\/a><a href=\"https:\/\/mycraftbenefits.com\/wp-content\/uploads\/2023\/03\/2023-Craft-Statement-of-Domestic-Partner-Spanish.docx\"> <\/a>y env\u00ede un correo electr\u00f3nico al Centro de Servicios de <a href=\"mailto:askHR@mortenson.com\">RR. HH. <\/a>o llame al <a href=\"tel:\/\/1-800-780-0642\">1-800-780-0642, opci\u00f3n 3<\/a>,<\/p>\n<\/div><\/div>\n<\/div>\n<\/div>\n\n\n\n<div class=\"wp-block-media-text alignwide\"><figure class=\"wp-block-media-text__media\"><img loading=\"lazy\" decoding=\"async\" width=\"570\" height=\"300\" src=\"https:\/\/mycraftbenefits.com\/wp-content\/uploads\/2020\/04\/2-QualifyingLifeEvents-HR.png\" alt=\"Una mujer tiene una ecograf\u00eda delante de ella, lo que significa que est\u00e1 embarazada recientemente y tendr\u00e1 que cambiar sus beneficios\" class=\"wp-image-635\" srcset=\"https:\/\/mycraftbenefits.com\/wp-content\/uploads\/2020\/04\/2-QualifyingLifeEvents-HR.png 570w, https:\/\/mycraftbenefits.com\/wp-content\/uploads\/2020\/04\/2-QualifyingLifeEvents-HR-300x158.png 300w\" sizes=\"auto, (max-width: 570px) 100vw, 570px\" \/><\/figure><div class=\"wp-block-media-text__content\">\n\n<h2 class=\"has-primary-color has-text-color wp-block-heading\" id=\"events\">Cambios en los beneficios <\/h2>\n\n\n<p>Puede cambiar sus beneficios a mitad de a\u00f1o si experimenta un evento de vida que califica: nacimiento o adopci\u00f3n de un hijo, matrimonio, divorcio o anulaci\u00f3n, fallecimiento de un dependiente, c\u00f3nyuge cambia de empleo o tiene inscripci\u00f3n abierta, p\u00e9rdida de otra cobertura, pareja de uni\u00f3n libre o cobertura de dependientes ordenada por un tribunal.<\/p>\n\n<\/div><\/div>\n\n\n\n<div class=\"wp-block-create-block-accordion alignwide accordion\" id=\"accordion-04a64fc6-8b39-42bc-9f98-453a6468f76b\">\n<div class=\"wp-block-create-block-accordion-item alignwide card\">\n<div class=\"wp-block-create-block-accordion-heading card-header\" id=\"heading-cfafe13e-8712-4d53-84df-3b70f57bcdd1\"><button class=\"btn btn-link stretched-link\" type=\"button\" data-toggle=\"collapse\" data-target=\"#collapse-cfafe13e-8712-4d53-84df-3b70f57bcdd1\" aria-expanded=\"false\" aria-controls=\"collapse-cfafe13e-8712-4d53-84df-3b70f57bcdd1\">\n<h3 class=\"wp-block-heading\">Para hacer un cambio en sus beneficios<\/h3>\n<\/button><\/div>\n\n\n\n<div id=\"collapse-cfafe13e-8712-4d53-84df-3b70f57bcdd1\" class=\"wp-block-create-block-accordion-collapse collapse\" aria-labelledby=\"heading-cfafe13e-8712-4d53-84df-3b70f57bcdd1\" data-parent=\"#accordion-04a64fc6-8b39-42bc-9f98-453a6468f76b\"><div class=\"card-body\">\n<p>Si tiene problemas para iniciar sesi\u00f3n, puede seguir los pasos para restablecer su contrase\u00f1a en <strong>unlock.mortenson.com<\/strong>.<\/p>\n<\/div><\/div>\n<\/div>\n\n\n\n<div class=\"wp-block-create-block-accordion-item alignwide card\">\n<div class=\"wp-block-create-block-accordion-heading card-header\" id=\"heading-5b0c3799-ff32-4442-8ef5-7b7e9266fc8b\"><button class=\"btn btn-link stretched-link\" type=\"button\" data-toggle=\"collapse\" data-target=\"#collapse-5b0c3799-ff32-4442-8ef5-7b7e9266fc8b\" aria-expanded=\"false\" aria-controls=\"collapse-5b0c3799-ff32-4442-8ef5-7b7e9266fc8b\">\n<h3 class=\"wp-block-heading\">Inscripci\u00f3n abierta<\/h3>\n<\/button><\/div>\n\n\n\n<div id=\"collapse-5b0c3799-ff32-4442-8ef5-7b7e9266fc8b\" class=\"wp-block-create-block-accordion-collapse collapse\" aria-labelledby=\"heading-5b0c3799-ff32-4442-8ef5-7b7e9266fc8b\" data-parent=\"#accordion-04a64fc6-8b39-42bc-9f98-453a6468f76b\"><div class=\"card-body\">\n<p>Los miembros del equipo pueden inscribirse en los beneficios durante la Inscripci\u00f3n Abierta, generalmente a fines de octubre para que los cambios de cobertura entren en vigencia el 1 de enero del siguiente calendario. Durante la Inscripci\u00f3n Abierta, puede agregar o eliminar dependientes.<\/p>\n<\/div><\/div>\n<\/div>\n\n\n\n<div class=\"wp-block-create-block-accordion-item alignwide card\">\n<div class=\"wp-block-create-block-accordion-heading card-header\" id=\"heading-107f63ef-ccfd-4977-b5e3-095654c3770d\"><button class=\"btn btn-link stretched-link\" type=\"button\" data-toggle=\"collapse\" data-target=\"#collapse-107f63ef-ccfd-4977-b5e3-095654c3770d\" aria-expanded=\"false\" aria-controls=\"collapse-107f63ef-ccfd-4977-b5e3-095654c3770d\">\n<h3 class=\"wp-block-heading\">Se requiere documentaci\u00f3n de respaldo.<\/h3>\n<\/button><\/div>\n\n\n\n<div id=\"collapse-107f63ef-ccfd-4977-b5e3-095654c3770d\" class=\"wp-block-create-block-accordion-collapse collapse\" aria-labelledby=\"heading-107f63ef-ccfd-4977-b5e3-095654c3770d\" data-parent=\"#accordion-04a64fc6-8b39-42bc-9f98-453a6468f76b\"><div class=\"card-body\">\n<h4 class=\"wp-block-heading\">Nacimiento o adopci\u00f3n de un hijo<\/h4>\n\n\n\n<ul class=\"wp-block-list\">\n<li>Anuncio de nacimiento o certificado de nacimiento del hospital<\/li>\n\n\n\n<li>Evidencia de adopci\u00f3n<\/li>\n<\/ul>\n\n\n\n<h4 class=\"wp-block-heading\">Matrimonio<\/h4>\n\n\n\n<ul class=\"wp-block-list\">\n<li>Certificado de matrimonio<\/li>\n<\/ul>\n\n\n\n<h4 class=\"wp-block-heading\">Divorcio o anulaci\u00f3n&nbsp;<\/h4>\n\n\n\n<ul class=\"wp-block-list\">\n<li>Acta de divorcio<\/li>\n<\/ul>\n\n\n\n<h4 class=\"wp-block-heading\">Muerte de un dependiente<\/h4>\n\n\n\n<ul class=\"wp-block-list\">\n<li>Certificado de defunci\u00f3n<\/li>\n<\/ul>\n\n\n\n<h4 class=\"wp-block-heading\">El c\u00f3nyuge cambia de empleo o tiene una inscripci\u00f3n abierta&nbsp;<\/h4>\n\n\n\n<ul class=\"wp-block-list\">\n<li>Correo electr\u00f3nico, aviso, impresi\u00f3n de elecciones de inscripci\u00f3n con fecha de vigencia o aviso de&nbsp;cancelaci\u00f3n<\/li>\n<\/ul>\n\n\n\n<h4 class=\"wp-block-heading\">P\u00e9rdida de otra cobertura<\/h4>\n\n\n\n<ul class=\"wp-block-list\">\n<li>Documentaci\u00f3n con indicaci\u00f3n de qui\u00e9n estaba cubierto y la fecha de finalizaci\u00f3n de la cobertura<\/li>\n<\/ul>\n\n\n\n<h4 class=\"wp-block-heading\">Pareja de uni\u00f3n libre (se requieren los 4 elementos):<\/h4>\n\n\n\n<ol class=\"wp-block-list\">\n<li>Copias de la licencia de conducir de ambos con la misma direcci\u00f3n<\/li>\n\n\n\n<li>Arrendamiento, hipoteca o 12 meses de facturas de servicios p\u00fablicos que muestren a ambos como partes de la transacci\u00f3n<\/li>\n\n\n\n<li>Interdependencia financiera: cuenta de cheques conjunta, designaci\u00f3n de la pareja de uni\u00f3n libre como beneficiario de un seguro de vida, jubilaci\u00f3n o testamento<\/li>\n\n\n\n<li>Declaraci\u00f3n completada de la pareja de uni\u00f3n libre<\/li>\n<\/ol>\n\n\n\n<p>Para obtener m\u00e1s informaci\u00f3n, visite la p\u00e1gina de&nbsp;<a href=\"https:\/\/mortenson.sharepoint.com\/sites\/intranet\/hr\/Pages\/Domestic-Partners.aspx\" target=\"_blank\" rel=\"noreferrer noopener\" aria-label=\" (opens in a new tab)\">pareja de uni\u00f3n&nbsp;libre<\/a>&nbsp;en la intranet de Mortenson.<\/p>\n\n\n\n<p>Las parejas de uni\u00f3n libre deben estar certificadas a trav\u00e9s de Recursos Humanos; consulte la <a href=\"https:\/\/mycraftbenefits.com\/wp-content\/uploads\/2022\/10\/2023-Craft-Statement-of-Domestic-Partner.pdf\">Domestic Partner Statement (ingl\u00e9s)<\/a> y\u00a0<a href=\"https:\/\/mycraftbenefits.com\/wp-content\/uploads\/2023\/03\/2023-Craft-Statement-of-Domestic-Partner-Spanish.pdf\">Declaraci\u00f3n de Pareja de uni\u00f3n libre (espa\u00f1ol)<\/a> [PDF] para obtener documentaci\u00f3n de respaldo y p\u00f3ngase en contacto con el\u00a0<a href=\"mailto:askhr@mortenson.com\">Centro\u00a0de Servicios de RR.\u00a0HH.<\/a>\u00a0si tiene alguna pregunta.<\/p>\n\n\n\n<h4 class=\"wp-block-heading\">Cobertura de dependientes ordenada por el tribunal<\/h4>\n\n\n\n<ul class=\"wp-block-list\">\n<li>La cobertura cambiar\u00e1 autom\u00e1ticamente cuando Mortenson reciba la documentaci\u00f3n de la orden judicial. Los miembros del equipo ser\u00e1n notificados cuando Mortenson reciba la orden judicial.<\/li>\n<\/ul>\n<\/div><\/div>\n<\/div>\n<\/div>\n","protected":false},"excerpt":{"rendered":"<p>Nueva contrataci\u00f3n \u00a1Bienvenido a Mortenson! Sus beneficios var\u00edan si se trata de una primera contrataci\u00f3n. Para obtener m\u00e1s informaci\u00f3n, visite la secci\u00f3n de nuevas contrataciones de este sitio web. Dependientes que cumplen los requisitos Si usted se inscribe en un plan m\u00e9dico\u00a0u odontol\u00f3gico\u00a0para los siguientes dependientes que cumplan los requisitos, tambi\u00e9n puede inscribirse en la &hellip; <a href=\"https:\/\/mycraftbenefits.com\/es\/eligibility\/\">Continued<\/a><\/p>\n","protected":false},"author":1,"featured_media":0,"parent":0,"menu_order":0,"comment_status":"closed","ping_status":"closed","template":"","meta":{"_acf_changed":false,"footnotes":""},"class_list":["post-967","page","type-page","status-publish","hentry"],"acf":[],"_links":{"self":[{"href":"https:\/\/mycraftbenefits.com\/es\/wp-json\/wp\/v2\/pages\/967","targetHints":{"allow":["GET"]}}],"collection":[{"href":"https:\/\/mycraftbenefits.com\/es\/wp-json\/wp\/v2\/pages"}],"about":[{"href":"https:\/\/mycraftbenefits.com\/es\/wp-json\/wp\/v2\/types\/page"}],"author":[{"embeddable":true,"href":"https:\/\/mycraftbenefits.com\/es\/wp-json\/wp\/v2\/users\/1"}],"replies":[{"embeddable":true,"href":"https:\/\/mycraftbenefits.com\/es\/wp-json\/wp\/v2\/comments?post=967"}],"version-history":[{"count":0,"href":"https:\/\/mycraftbenefits.com\/es\/wp-json\/wp\/v2\/pages\/967\/revisions"}],"wp:attachment":[{"href":"https:\/\/mycraftbenefits.com\/es\/wp-json\/wp\/v2\/media?parent=967"}],"curies":[{"name":"wp","href":"https:\/\/api.w.org\/{rel}","templated":true}]}}