{"id":958,"date":"2020-03-04T22:47:14","date_gmt":"2020-03-04T22:47:14","guid":{"rendered":"https:\/\/mycraftbenstg.wpenginepowered.com\/front-page\/"},"modified":"2025-02-26T16:48:28","modified_gmt":"2025-02-26T21:48:28","slug":"front-page","status":"publish","type":"page","link":"https:\/\/mycraftbenefits.com\/es\/","title":{"rendered":"Portada"},"content":{"rendered":"\n<div class=\"wp-block-create-block-hero alignfull\">\n<div class=\"wp-block-cover alignfull is-light\"><span aria-hidden=\"true\" class=\"wp-block-cover__background has-background-dim-10 has-background-dim\"><\/span><img loading=\"lazy\" decoding=\"async\" width=\"1920\" height=\"630\" class=\"wp-block-cover__image-background wp-image-2620\" alt=\"family on beach\" src=\"https:\/\/mycraftbenefits.com\/wp-content\/uploads\/2023\/09\/family-on-beach_resized.png\" style=\"object-position:50% 0%\" data-object-fit=\"cover\" data-object-position=\"50% 0%\" srcset=\"https:\/\/mycraftbenefits.com\/wp-content\/uploads\/2023\/09\/family-on-beach_resized.png 1920w, https:\/\/mycraftbenefits.com\/wp-content\/uploads\/2023\/09\/family-on-beach_resized-300x98.png 300w, https:\/\/mycraftbenefits.com\/wp-content\/uploads\/2023\/09\/family-on-beach_resized-1024x336.png 1024w, https:\/\/mycraftbenefits.com\/wp-content\/uploads\/2023\/09\/family-on-beach_resized-768x252.png 768w, https:\/\/mycraftbenefits.com\/wp-content\/uploads\/2023\/09\/family-on-beach_resized-1536x504.png 1536w\" sizes=\"auto, (max-width: 1920px) 100vw, 1920px\" \/><div class=\"wp-block-cover__inner-container is-layout-flow wp-block-cover-is-layout-flow\">\n<div class=\"wp-block-rebel-container\">\n<h1 class=\"wp-block-heading headline has-white-color has-text-color\">bienvenidos<br>miembros del equipo<\/h1>\n<\/div>\n<\/div><\/div>\n<\/div>\n\n\n\n<div class=\"wp-block-create-block-intro alignfull\">\n<div class=\"wp-block-rebel-container\">\n<p>Los miembros de nuestro equipo son vitales para la misi\u00f3n de Mortenson de crear experiencias excepcionales para los clientes y Mortenson se esfuerza por proporcionarle una experiencia de beneficios igualmente excepcional. Deje que este sitio le sirva como recurso para explorar todo lo que est\u00e1 disponible para usted, como miembro del equipo de Mortenson y su familia, para que pueda aprovechar al m\u00e1ximo los beneficios proporcionados por su empresa. Haga clic <a href=\"https:\/\/mycraftbenefits.com\/wp-content\/uploads\/2025\/02\/Non-Union-Craft-Benefits-Summary-2025-English-Spanish.pdf\" target=\"_blank\" rel=\"noreferrer noopener\"><mark style=\"background-color:rgba(0, 0, 0, 0)\" class=\"has-inline-color has-white-color\"><span style=\"text-decoration: underline;\">aqu\u00ed<\/span><\/mark><span style=\"text-decoration: underline;\"> <\/span><\/a>para ver su resumen de beneficios.<\/p>\n<\/div>\n<\/div>\n\n\n\n<h1 class=\"wp-block-heading has-text-align-center\">Eventos de la vida<\/h1>\n\n\n\n<div class=\"wp-block-create-block-card-deck alignwide\"><div class=\"container\"><div class=\"inner\">\n<div class=\"wp-block-create-block-card\">\n<figure class=\"wp-block-image size-large\"><img loading=\"lazy\" decoding=\"async\" width=\"138\" height=\"138\" src=\"https:\/\/mycraftbenefits.com\/wp-content\/uploads\/\/2020\/03\/01-new-hire-B.svg\" alt=\"Icon: Nueva contrataci\u00f3n simbolizada por la insignia del empleado\" class=\"wp-image-333\"\/><\/figure>\n\n\n\n<div class=\"wp-block-button\"><a class=\"wp-block-button__link wp-element-button\" href=\"https:\/\/mycraftbenefits.com\/es\/life-events\/#newhire\">Nueva contrataci\u00f3n<\/a><\/div>\n<\/div>\n\n\n\n<div class=\"wp-block-create-block-card\">\n<figure class=\"wp-block-image size-large\"><img loading=\"lazy\" decoding=\"async\" width=\"131\" height=\"138\" src=\"https:\/\/mycraftbenefits.com\/wp-content\/uploads\/\/2020\/03\/02-transfer-B.svg\" alt=\"Icon: Transferencia de artesan\u00eda a no artesan\u00eda simbolizada por indicador\" class=\"wp-image-334\"\/><\/figure>\n\n\n\n<div class=\"wp-block-button\"><a class=\"wp-block-button__link wp-element-button\" href=\"https:\/\/mycraftbenefits.com\/es\/life-events\/#noncraft\">Transferencia de un oficio a otros puestos<\/a><\/div>\n<\/div>\n\n\n\n<div class=\"wp-block-create-block-card\">\n<figure class=\"wp-block-image size-large\"><img loading=\"lazy\" decoding=\"async\" width=\"138\" height=\"138\" src=\"https:\/\/mycraftbenefits.com\/wp-content\/uploads\/\/2020\/03\/03-marriage-B.svg\" alt=\"Icon: Casarse simbolizado por dos personas no de g\u00e9nero detr\u00e1s de un gran coraz\u00f3n\" class=\"wp-image-335\"\/><\/figure>\n\n\n\n<div class=\"wp-block-button\"><a class=\"wp-block-button__link wp-element-button\" href=\"https:\/\/mycraftbenefits.com\/es\/life-events\/#getting-married\">Matrimonio<\/a><\/div>\n<\/div>\n\n\n\n<div class=\"wp-block-create-block-card\">\n<figure class=\"wp-block-image size-large\"><img loading=\"lazy\" decoding=\"async\" width=\"131\" height=\"138\" src=\"https:\/\/mycraftbenefits.com\/wp-content\/uploads\/\/2020\/03\/04-expanding-B.svg\" alt=\"Icon: Expansi\u00f3n de la familia simb\u00f3lica por una persona que sostiene un coraz\u00f3n\" class=\"wp-image-336\"\/><\/figure>\n\n\n\n<div class=\"wp-block-button\"><a class=\"wp-block-button__link wp-element-button\" href=\"https:\/\/mycraftbenefits.com\/es\/life-events\/#expandfamily\">Expansi\u00f3n de la familia <br>\n (tener un beb\u00e9, adoptar) <\/a><\/div>\n<\/div>\n\n\n\n<div class=\"wp-block-create-block-card\">\n<figure class=\"wp-block-image size-large\"><img loading=\"lazy\" decoding=\"async\" width=\"136\" height=\"135\" src=\"https:\/\/mycraftbenefits.com\/wp-content\/uploads\/\/2020\/03\/06-divorce-B.svg\" alt=\"Icon: Divorcio o fin de la relaci\u00f3n de pareja de uni\u00f3n libre simbolizado por bol\u00edgrafo y firma en papel\" class=\"wp-image-338\"\/><\/figure>\n\n\n\n<div class=\"wp-block-button\"><a class=\"wp-block-button__link wp-element-button\" href=\"https:\/\/mycraftbenefits.com\/es\/life-events\/#divorce\">Divorcio o finalizaci\u00f3n de la relaci\u00f3n con la pareja de uni\u00f3n libre <\/a><\/div>\n<\/div>\n\n\n\n<div class=\"wp-block-create-block-card\">\n<figure class=\"wp-block-image size-large\"><img loading=\"lazy\" decoding=\"async\" width=\"137\" height=\"138\" src=\"https:\/\/mycraftbenefits.com\/wp-content\/uploads\/\/2020\/03\/09-retire-B.svg\" alt=\"Icon: Jubilarse o dejar la compa\u00f1\u00eda simb\u00f3licamente con dinero ahorrado en un banco cerdito\" class=\"wp-image-341\"\/><\/figure>\n\n\n\n<div class=\"wp-block-button\"><a class=\"wp-block-button__link wp-element-button\" href=\"https:\/\/mycraftbenefits.com\/es\/life-events\/#retire\">Retiro o abandono de la compa\u00f1\u00eda <\/a><\/div>\n<\/div>\n\n\n\n<div class=\"wp-block-create-block-card\">\n<figure class=\"wp-block-image size-large\"><img loading=\"lazy\" decoding=\"async\" width=\"133\" height=\"138\" src=\"https:\/\/mycraftbenefits.com\/wp-content\/uploads\/\/2020\/03\/07-serious-illness-B.svg\" alt=\"Icon:\u00a0Diagn\u00f3stico de una condici\u00f3n m\u00e9dica o enfermedad grave\" class=\"wp-image-339\"\/><\/figure>\n\n\n\n<div class=\"wp-block-button\"><a class=\"wp-block-button__link wp-element-button\" href=\"https:\/\/mycraftbenefits.com\/es\/life-events\/#diagnosed\">Diagn\u00f3stico de una condici\u00f3n m\u00e9dica o enfermedad grave<\/a><\/div>\n<\/div>\n\n\n\n<div class=\"wp-block-create-block-card\">\n<figure class=\"wp-block-image size-large\"><img loading=\"lazy\" decoding=\"async\" width=\"131\" height=\"137\" src=\"https:\/\/mycraftbenefits.com\/wp-content\/uploads\/\/2020\/03\/12-coverage_B.svg\" alt=\"Icon: Otros cambios simb\u00f3licos por lista de verificaci\u00f3n\" class=\"wp-image-344\"\/><\/figure>\n\n\n\n<div class=\"wp-block-button\"><a class=\"wp-block-button__link wp-element-button\" href=\"https:\/\/mycraftbenefits.com\/es\/life-events\/#other\">Otros cambios<\/a><\/div>\n<\/div>\n<\/div><\/div><\/div>\n","protected":false},"excerpt":{"rendered":"<p>Eventos de la vida<\/p>\n","protected":false},"author":1,"featured_media":0,"parent":0,"menu_order":0,"comment_status":"closed","ping_status":"closed","template":"","meta":{"_acf_changed":false,"footnotes":""},"class_list":["post-958","page","type-page","status-publish","hentry"],"acf":[],"_links":{"self":[{"href":"https:\/\/mycraftbenefits.com\/es\/wp-json\/wp\/v2\/pages\/958","targetHints":{"allow":["GET"]}}],"collection":[{"href":"https:\/\/mycraftbenefits.com\/es\/wp-json\/wp\/v2\/pages"}],"about":[{"href":"https:\/\/mycraftbenefits.com\/es\/wp-json\/wp\/v2\/types\/page"}],"author":[{"embeddable":true,"href":"https:\/\/mycraftbenefits.com\/es\/wp-json\/wp\/v2\/users\/1"}],"replies":[{"embeddable":true,"href":"https:\/\/mycraftbenefits.com\/es\/wp-json\/wp\/v2\/comments?post=958"}],"version-history":[{"count":0,"href":"https:\/\/mycraftbenefits.com\/es\/wp-json\/wp\/v2\/pages\/958\/revisions"}],"wp:attachment":[{"href":"https:\/\/mycraftbenefits.com\/es\/wp-json\/wp\/v2\/media?parent=958"}],"curies":[{"name":"wp","href":"https:\/\/api.w.org\/{rel}","templated":true}]}}